{"id":150,"date":"2021-10-12T13:06:22","date_gmt":"2021-10-12T13:06:22","guid":{"rendered":"https:\/\/www.ayyappa.org\/?page_id=150"},"modified":"2022-02-07T12:28:50","modified_gmt":"2022-02-07T12:28:50","slug":"temple-deities","status":"publish","type":"page","link":"https:\/\/www.ayyappa.org\/?page_id=150","title":{"rendered":"Temple &#038; Deities"},"content":{"rendered":"\t\t<div data-elementor-type=\"wp-page\" data-elementor-id=\"150\" class=\"elementor elementor-150\" data-elementor-post-type=\"page\">\n\t\t\t\t\t\t<section class=\"elementor-section elementor-top-section elementor-element elementor-element-05aa6ac elementor-section-stretched thsn-col-stretched-none thsn-bg-color-over-image elementor-section-boxed elementor-section-height-default elementor-section-height-default\" data-id=\"05aa6ac\" data-element_type=\"section\" data-settings=\"{&quot;stretch_section&quot;:&quot;section-stretched&quot;,&quot;background_background&quot;:&quot;classic&quot;}\">\n\t\t\t\t\t\t\t<div class=\"elementor-background-overlay\"><\/div>\n\t\t\t\t\t\t\t<div class=\"elementor-container elementor-column-gap-default\">\n\t\t\t\t\t<div class=\"elementor-column elementor-col-100 elementor-top-column elementor-element elementor-element-36fdec3 thsn-bg-color-over-image\" data-id=\"36fdec3\" data-element_type=\"column\">\n\t\t\t<div class=\"elementor-widget-wrap elementor-element-populated\">\n\t\t\t\t\t\t<div class=\"elementor-element elementor-element-8055556 elementor-widget elementor-widget-thsn_static_box_element\" data-id=\"8055556\" data-element_type=\"widget\" data-widget_type=\"thsn_static_box_element.default\">\n\t\t\t\t<div class=\"elementor-widget-container\">\n\t\t\t\t\t\r\n\t\t<div class=\"themesion-element themesion-element-static-box thsn-element-static-box-style-1 themesion-element-viewtype-carousel thsn-infinite-scroll-no thsn-infinite-scroll-button-no\" data-cpt=\"static-box\" data-totalpagination=\"1\" data-style=\"1\" data-show=\"3\" data-columns=\"1\" data-loop=\"true\" data-autoplay=\"false\" data-center=\"false\" data-nav=\"true\" data-dots=\"false\" data-autoplayspeed=\"1000\" data-margin=\"\"><div class=\"themesion-element-inner\">\t<div class=\"thsn-heading-subheading center-align thsn-reverse-heading-yes\"><h2 class=\"thsn-element-title\">\r\n\t\t\t\r\n\t\t\t\tTemples in the compound\r\n\t\t\t\r\n\t\t\t<\/h2>\r\n\t\t<\/div>\r\n\t\t<div class=\"thsn-element-posts-wrapper row multi-columns-row\">\r\n\r\n\t\t<article class=\"thsn-ele thsn-ele-static-box thsn-static-box-style-1 col-md-12   \"><div class=\"thsn-imgbox\">\r\n\t<img decoding=\"async\" src=\"https:\/\/www.ayyappa.org\/wp-content\/uploads\/2021\/11\/temple-sp-events-adisankarajayanti-img-01.jpg\" alt=\"Melpazhur Mana\" \/><\/div>\r\n<div class=\"thsn-contentbox\">\r\n\t<div class=\"themesion-box-title\"><h4>Melpazhur Mana<\/h4><\/div>\t<div class=\"themesion-static-box-desc\">In the once remote village of Veliyanad, near Ernakulam in Kerala,India, is a Namb\u00fctiri Illom or Mana (home of a Kerala Br\u00e4hmin) called \u2018Melp\u00e4zh\u00fcr Mana\u2019. This sacred dwelling is the ancestral, maternal home and birthplace of the world renowned saint and revered Advaita Ved\u00e4ntin, \u00c4di Sankara . Local tradition has it that \u00c4di Sankara\u2019s vidy\u00e4rambha and upanayana ceremonies were performed at Melp\u00e4zh\u00fcr Mana. Today, this place of pilgrimage is named \u2018Adi Sankara Nilayam\u2019.<\/div><\/div><\/article><article class=\"thsn-ele thsn-ele-static-box thsn-static-box-style-1 col-md-12   \"><div class=\"thsn-imgbox\">\r\n\t<img decoding=\"async\" src=\"https:\/\/www.ayyappa.org\/wp-content\/uploads\/2021\/11\/temple-bhagavati-temple-img-01.jpg\" alt=\"Devi Bhagavati\" \/><\/div>\r\n<div class=\"thsn-contentbox\">\r\n\t<div class=\"themesion-box-title\"><h4>Devi Bhagavati<\/h4><\/div>\t<div class=\"themesion-static-box-desc\">Sri Bhagavati, the Goddess of Universe, resides in this small temple sanctum. Everyday regular p\u00fcj\u00e4s are offered. Special p\u00fcj\u00e4s are performed on Navar\u00e4tri days. In the north-western corner of the Ayyappa temple was a Bhagavati-tara (small seat on the bare earth). In accordance with astrological readings it was recommended that for the welfare of the Mana a separate temple be constructed . Accordingly a separate temple was built in the complex for Devi Bhagavati.<\/div><\/div><\/article><article class=\"thsn-ele thsn-ele-static-box thsn-static-box-style-1 col-md-12   \"><div class=\"thsn-imgbox\">\r\n\t<img decoding=\"async\" src=\"https:\/\/www.ayyappa.org\/wp-content\/uploads\/2021\/11\/temple-gurudevshrine-temple-img-01.jpg\" alt=\"Gurudev\u2019s Shrine\" \/><\/div>\r\n<div class=\"thsn-contentbox\">\r\n\t<div class=\"themesion-box-title\"><h4>Gurudev\u2019s Shrine<\/h4><\/div>\t<div class=\"themesion-static-box-desc\">As a befitting tribute to the omnipresent guiding presence of P\u00fcjya Gurudev Swami Chinmayananda there is a holy shrine built in the vicinity of the temple complex. This is used as a meditation hall as well as a venue for paduka p\u00fcj\u00e4, vidy\u00e4rambha and upanayana functions and other private prayers. Birthday of Gurudev falls on P\u00fcyam nakshatra in the month of Me\u00f1a (corresponding to April-May of the Western calendar) and is celebrated every year.<\/div><\/div><\/article>\r\n\t\t<\/div>\r\n\r\n\t\t<\/div><!-- .themesion-element-inner -->   <\/div><!-- .themesion-element -->  \r\n\t    \t\t\t\t<\/div>\n\t\t\t\t<\/div>\n\t\t\t\t\t<\/div>\n\t\t<\/div>\n\t\t\t\t\t<\/div>\n\t\t<\/section>\n\t\t\t\t<section class=\"elementor-section elementor-top-section elementor-element elementor-element-3eea322 elementor-section-full_width elementor-section-stretched thsn-col-stretched-none thsn-bg-color-over-image elementor-section-height-default elementor-section-height-default\" data-id=\"3eea322\" data-element_type=\"section\" data-settings=\"{&quot;stretch_section&quot;:&quot;section-stretched&quot;}\">\n\t\t\t\t\t\t<div class=\"elementor-container elementor-column-gap-default\">\n\t\t\t\t\t<div class=\"elementor-column elementor-col-100 elementor-top-column elementor-element elementor-element-5d3648d thsn-bg-color-over-image\" data-id=\"5d3648d\" data-element_type=\"column\">\n\t\t\t<div class=\"elementor-widget-wrap elementor-element-populated\">\n\t\t\t\t\t\t<div class=\"elementor-element elementor-element-07f0dec elementor-widget elementor-widget-thsn_static_box_element\" data-id=\"07f0dec\" data-element_type=\"widget\" data-widget_type=\"thsn_static_box_element.default\">\n\t\t\t\t<div class=\"elementor-widget-container\">\n\t\t\t\t\t\r\n\t\t<div class=\"themesion-element themesion-element-static-box thsn-element-static-box-style-2 themesion-element-viewtype-carousel thsn-infinite-scroll-no thsn-infinite-scroll-button-no\" data-cpt=\"static-box\" data-totalpagination=\"1\" data-style=\"2\" data-show=\"3\" data-columns=\"3\" data-loop=\"true\" data-autoplay=\"true\" data-center=\"false\" data-nav=\"false\" data-dots=\"true\" data-autoplayspeed=\"1000\" data-margin=\"\"><div class=\"themesion-element-inner\">\t<div class=\"thsn-heading-subheading center-align thsn-reverse-heading-yes\"><h2 class=\"thsn-element-title\">\r\n\t\t\t\r\n\t\t\t\tDeities at the Temple\r\n\t\t\t\r\n\t\t\t<\/h2>\r\n\t\t<\/div>\r\n\t\t<div class=\"thsn-element-posts-wrapper row multi-columns-row\">\r\n\r\n\t\t<article class=\"thsn-ele thsn-ele-static-box thsn-static-box-style-2 col-md-4   \"><div class=\"thsn-imgbox\">\r\n\t<img decoding=\"async\" src=\"https:\/\/www.ayyappa.org\/wp-content\/uploads\/2021\/10\/temple-deities-img-ayyappa.jpg\" alt=\"Lord Ayyappa\" \/><\/div>\r\n<div class=\"thsn-contentbox\">\r\n\t<div class=\"themesion-box-title\"><h4>Lord Ayyappa<\/h4><\/div>\t<div class=\"themesion-static-box-desc\">Lord Ayyappa is the main deity in the centuries-old temple complex of Melpaazhur Mana. The idol of Lord Ayyappa is swayambhu (born on its own out of the earth)The Legend goes that a &#039;tampuraatti&#039; (elderly Namputiri lady) who was an ardent devotee of the Lord used to walk two kilometres to the Ayyappankudam temple at Vadayaaparambu every day to worship the Lord.<\/div><\/div><\/article><article class=\"thsn-ele thsn-ele-static-box thsn-static-box-style-2 col-md-4   \"><div class=\"thsn-imgbox\">\r\n\t<img decoding=\"async\" src=\"https:\/\/www.ayyappa.org\/wp-content\/uploads\/2021\/10\/temple-deities-img-adisankara.jpg\" alt=\"Adi Shankaracharya\" \/><\/div>\r\n<div class=\"thsn-contentbox\">\r\n\t<div class=\"themesion-box-title\"><h4>Adi Shankaracharya<\/h4><\/div>\t<div class=\"themesion-static-box-desc\">Bhagavan Adi Shankaracharya, the greatest the Riviera of Advaita Vedanta philosophy was born to Shivaguru and Aryamba. It is believed that Aryamba gave birth to Adi Shankaracharya in her paternal home Melpazhur Mana, because of which this area came to be known as Piravom \u2013 the place of birth. Swami Chinmayananda renamed it as Adi shankara Nilayam.<\/div><\/div><\/article><article class=\"thsn-ele thsn-ele-static-box thsn-static-box-style-2 col-md-4   \"><div class=\"thsn-imgbox\">\r\n\t<img decoding=\"async\" src=\"https:\/\/www.ayyappa.org\/wp-content\/uploads\/2021\/11\/temple-deities-img-devibhuvaneswari.jpg\" alt=\"Devi Bhuvaneswari\" \/><\/div>\r\n<div class=\"thsn-contentbox\">\r\n\t<div class=\"themesion-box-title\"><h4>Devi Bhuvaneswari<\/h4><\/div>\t<div class=\"themesion-static-box-desc\">The Most Auspicious form of Kannadi (A mirror carved in stone) represent Devi Bhuvaneswari. Thekalpataru \u2013 wish fulfilling tree.The Divine Mother resides in this Temple to bless and protect all the devotees. Along with the Mother,a Brahmin Sidha is also worshiped as Brahmarakshas. <\/div><\/div><\/article><article class=\"thsn-ele thsn-ele-static-box thsn-static-box-style-2 col-md-4   \"><div class=\"thsn-imgbox\">\r\n\t<img decoding=\"async\" src=\"https:\/\/www.ayyappa.org\/wp-content\/uploads\/2021\/11\/temple-deities-img-vettakorumakan.jpg\" alt=\"Vettakorumakan\" \/><\/div>\r\n<div class=\"thsn-contentbox\">\r\n\t<div class=\"themesion-box-title\"><h4>Vettakorumakan<\/h4><\/div>\t<div class=\"themesion-static-box-desc\">The son of Kirata Siva and Parvati, Vettakorumakan was traditionally considered the &#039;Kaaranavar&#039; in addition to being a temple deity. Since olden times, all-important decisions regarding the Mana and its residents were based solely on Lord Vettakorumakan\u2019s blessings. Every day Rudrabhishekam is offered to Vettakorumakan.<\/div><\/div><\/article><article class=\"thsn-ele thsn-ele-static-box thsn-static-box-style-2 col-md-4   \"><div class=\"thsn-imgbox\">\r\n\t<img decoding=\"async\" src=\"https:\/\/www.ayyappa.org\/wp-content\/uploads\/2021\/10\/temple-deities-img-ganesha.jpg\" alt=\"Lord Ganesha\" \/><\/div>\r\n<div class=\"thsn-contentbox\">\r\n\t<div class=\"themesion-box-title\"><h4>Lord Ganesha<\/h4><\/div>\t<div class=\"themesion-static-box-desc\">The Ganesha Temple is as ancient as the the Ayyappa Temple. Made of black stone, and facing south this Ganesha is propitiated before the commencement of most auspicious occasions at CIF. Daily puja at each of the temples in the Mana commences with traditional prayers to Lord Ganesha in this temple. Ganapati Homa is also performed regularly.<\/div><\/div><\/article><article class=\"thsn-ele thsn-ele-static-box thsn-static-box-style-2 col-md-4   \"><div class=\"thsn-imgbox\">\r\n\t<img decoding=\"async\" src=\"https:\/\/www.ayyappa.org\/wp-content\/uploads\/2021\/10\/temple-deities-img-krishna.jpg\" alt=\"Sri Krishna\" \/><\/div>\r\n<div class=\"thsn-contentbox\">\r\n\t<div class=\"themesion-box-title\"><h4>Sri Krishna<\/h4><\/div>\t<div class=\"themesion-static-box-desc\">An age-old, dilapidated Sri Krishna temple was once situated on a hillock on the northern side of the Mana\u2019s temple complex. A broken Krishna idol was worshipped for years in its sanctum. As desired by Pujya Gurudev Swami Chinmayananda, the temple on the hillock was eventually dismantled and a the idol was consecrated in the Lord Ayyappa temple complex.<\/div><\/div><\/article><article class=\"thsn-ele thsn-ele-static-box thsn-static-box-style-2 col-md-4   \"><div class=\"thsn-imgbox\">\r\n\t<img decoding=\"async\" src=\"https:\/\/www.ayyappa.org\/wp-content\/uploads\/2021\/11\/temple-deities-img-srirama.jpg\" alt=\"Sri Rama\" \/><\/div>\r\n<div class=\"thsn-contentbox\">\r\n\t<div class=\"themesion-box-title\"><h4>Sri Rama<\/h4><\/div>\t<div class=\"themesion-static-box-desc\">A Sri Rama temple once existed in Ponmaanaadi, a nearby village under the Melpaazhur Mana umbrella. &#039;Ponmaan&#039; means &#039;golden deer&#039; and &#039;aadi&#039; means &#039;danced&#039;. Ponmaan refers to Maaricha, Ravana\u2019s uncle, and Ponmaanaadi is where Maaricha took the form of a golden deer and danced, thus becoming an accomplice in Mother Sita\u2019s kidnapping As time passed the Sri Rama idol from this temple was brought to the Mana complex and a temple was built as a tribute to Sri Rama of Ponmaanaadi.<\/div><\/div><\/article>\r\n\t\t<\/div>\r\n\r\n\t\t<\/div><!-- .themesion-element-inner -->   <\/div><!-- .themesion-element -->  \r\n\t    \t\t\t\t<\/div>\n\t\t\t\t<\/div>\n\t\t\t\t\t<\/div>\n\t\t<\/div>\n\t\t\t\t\t<\/div>\n\t\t<\/section>\n\t\t\t\t<\/div>\n\t\t","protected":false},"excerpt":{"rendered":"<p>Temples in the compound Melpazhur Mana In the once remote village of Veliyanad, near Ernakulam in Kerala,India, is a Namb\u00fctiri Illom or Mana (home of a Kerala Br\u00e4hmin) called \u2018Melp\u00e4zh\u00fcr Mana\u2019. This sacred dwelling is the ancestral, maternal home and birthplace of the world renowned saint and revered Advaita Ved\u00e4ntin, \u00c4di Sankara . Local tradition has it that \u00c4di Sankara\u2019s vidy\u00e4rambha and upanayana ceremonies were performed at Melp\u00e4zh\u00fcr Mana. Today,[&hellip;]<\/p>\n","protected":false},"author":1,"featured_media":0,"parent":0,"menu_order":0,"comment_status":"closed","ping_status":"closed","template":"","meta":{"_acf_changed":false,"footnotes":""},"class_list":["post-150","page","type-page","status-publish","hentry"],"acf":[],"_links":{"self":[{"href":"https:\/\/www.ayyappa.org\/index.php?rest_route=\/wp\/v2\/pages\/150","targetHints":{"allow":["GET"]}}],"collection":[{"href":"https:\/\/www.ayyappa.org\/index.php?rest_route=\/wp\/v2\/pages"}],"about":[{"href":"https:\/\/www.ayyappa.org\/index.php?rest_route=\/wp\/v2\/types\/page"}],"author":[{"embeddable":true,"href":"https:\/\/www.ayyappa.org\/index.php?rest_route=\/wp\/v2\/users\/1"}],"replies":[{"embeddable":true,"href":"https:\/\/www.ayyappa.org\/index.php?rest_route=%2Fwp%2Fv2%2Fcomments&post=150"}],"version-history":[{"count":97,"href":"https:\/\/www.ayyappa.org\/index.php?rest_route=\/wp\/v2\/pages\/150\/revisions"}],"predecessor-version":[{"id":3131,"href":"https:\/\/www.ayyappa.org\/index.php?rest_route=\/wp\/v2\/pages\/150\/revisions\/3131"}],"wp:attachment":[{"href":"https:\/\/www.ayyappa.org\/index.php?rest_route=%2Fwp%2Fv2%2Fmedia&parent=150"}],"curies":[{"name":"wp","href":"https:\/\/api.w.org\/{rel}","templated":true}]}}